{"id":215,"date":"2024-07-16T15:45:30","date_gmt":"2024-07-16T13:45:30","guid":{"rendered":"https:\/\/www.kriegerfriedhof-nasswand.it\/impressum\/"},"modified":"2024-07-22T12:13:09","modified_gmt":"2024-07-22T10:13:09","slug":"impressum","status":"publish","type":"page","link":"https:\/\/www.kriegerfriedhof-nasswand.it\/it\/impressum\/","title":{"rendered":"Impressum"},"content":{"rendered":"\t\t<div data-elementor-type=\"wp-page\" data-elementor-id=\"215\" class=\"elementor elementor-215 elementor-189\">\n\t\t\t\t<div class=\"elementor-element elementor-element-126120f4 e-flex e-con-boxed e-con e-parent\" data-id=\"126120f4\" data-element_type=\"container\">\n\t\t\t\t\t<div class=\"e-con-inner\">\n\t\t\t\t<div class=\"elementor-element elementor-element-505cb499 elementor-mobile-align-left elementor-align-left elementor-widget elementor-widget-raven-heading\" data-id=\"505cb499\" data-element_type=\"widget\" data-widget_type=\"raven-heading.default\">\n\t\t\t\t<div class=\"elementor-widget-container\">\n\t\t\t\t\t<div class=\"raven-widget-wrapper\"><h2 class=\"raven-heading raven-heading-h2\"><span class=\"raven-heading-title \">Impressum<\/span><\/h2><\/div>\n\t\t\t\t<\/div>\n\t\t\t\t<\/div>\n\t\t\t\t\t<\/div>\n\t\t\t\t<\/div>\n\t\t<div class=\"elementor-element elementor-element-32e5b5c e-flex e-con-boxed e-con e-parent\" data-id=\"32e5b5c\" data-element_type=\"container\">\n\t\t\t\t\t<div class=\"e-con-inner\">\n\t\t<div class=\"elementor-element elementor-element-8045345 e-con-full e-flex e-con e-child\" data-id=\"8045345\" data-element_type=\"container\">\n\t\t\t\t<div class=\"elementor-element elementor-element-3c98a178 elementor-widget elementor-widget-text-editor\" data-id=\"3c98a178\" data-element_type=\"widget\" data-widget_type=\"text-editor.default\">\n\t\t\t\t<div class=\"elementor-widget-container\">\n\t\t\t<style>\/*! elementor - v3.23.0 - 05-08-2024 *\/\n.elementor-widget-text-editor.elementor-drop-cap-view-stacked .elementor-drop-cap{background-color:#69727d;color:#fff}.elementor-widget-text-editor.elementor-drop-cap-view-framed .elementor-drop-cap{color:#69727d;border:3px solid;background-color:transparent}.elementor-widget-text-editor:not(.elementor-drop-cap-view-default) .elementor-drop-cap{margin-top:8px}.elementor-widget-text-editor:not(.elementor-drop-cap-view-default) .elementor-drop-cap-letter{width:1em;height:1em}.elementor-widget-text-editor .elementor-drop-cap{float:left;text-align:center;line-height:1;font-size:50px}.elementor-widget-text-editor .elementor-drop-cap-letter{display:inline-block}<\/style>\t\t\t\t<p><strong>Proprietario e responsabile per il contenuto:<br \/><\/strong>Cimitero di guerra Monte Piana<br \/>Hanspeter Fuchs<br \/><a href=\"mailto:fuchs.hanspeter@gmail.com\">fuchs.hanspeter@gmail.com<\/a><br \/>Part.IVA: 92003500219<\/p><p><strong>Materiale fotografico:<br \/><\/strong>Archivio, Fuchsdesign<\/p><p><strong>Avviso di responsabilit\u00e0:<\/strong><br \/>I marchi e le societ\u00e0 citate su questo sito sono di propriet\u00e0 del apposito titolare.<br \/>Nonostante l\u2019attento controllo dei contenuti, non assumiamo nessuna responsabilit\u00e0 per i contenuti relativi a link esterni. Sono responsabili per il contenuto delle pagine collegate esclusivamente i gestori delle pagine stesse.<\/p>\t\t\t\t\t\t<\/div>\n\t\t\t\t<\/div>\n\t\t\t\t<\/div>\n\t\t<div class=\"elementor-element elementor-element-63ea8e7c e-con-full e-flex e-con e-child\" data-id=\"63ea8e7c\" data-element_type=\"container\">\n\t\t\t\t<div class=\"elementor-element elementor-element-f58dce2 elementor-widget elementor-widget-text-editor\" data-id=\"f58dce2\" data-element_type=\"widget\" data-widget_type=\"text-editor.default\">\n\t\t\t\t<div class=\"elementor-widget-container\">\n\t\t\t\t\t\t\t<p><strong>Realizzazione, Concetto &amp; Design:<br \/><\/strong>Fuchsdesign<br \/>Via Dolomiti 25a, 39034 Dobbiaco<br \/>Alto Adige \u2013 Italia<br \/>Tel +39 0474 979 048<br \/><a href=\"mailto:info@fuchsdesign.it\">info@fuchsdesign.it<\/a><br \/><a class=\"external-link-new-window\" title=\"Opens external link in new window\" href=\"http:\/\/www.fuchsdesign.it\/\" target=\"_blank\" rel=\"noopener noreferrer\">www.fuchsdesign.it<\/a><\/p><p><strong>Informazione obbligatoria ai sensi del Regolamento UE n. 524\/2016 del Parlamento europeo e del Consiglio<\/strong><br \/><a href=\"https:\/\/ec.europa.eu\/consumers\/odr\/\" target=\"_blank\" rel=\"noopener\">Piattaforma per la risoluzione delle controversie online<\/a>\u00a0dei consumatori (ODR) della Commissione europea.<\/p>\t\t\t\t\t\t<\/div>\n\t\t\t\t<\/div>\n\t\t\t\t<\/div>\n\t\t\t\t\t<\/div>\n\t\t\t\t<\/div>\n\t\t\t\t<\/div>\n\t\t","protected":false},"excerpt":{"rendered":"<p>Impressum Proprietario e responsabile per il contenuto:Cimitero di guerra Monte PianaHanspeter Fuchsfuchs.hanspeter@gmail.comPart.IVA: 92003500219 Materiale fotografico:Archivio, Fuchsdesign Avviso di responsabilit\u00e0:I marchi e le societ\u00e0 citate su questo sito sono di propriet\u00e0 del apposito titolare.Nonostante l\u2019attento controllo dei contenuti, non assumiamo nessuna responsabilit\u00e0 per i contenuti relativi a link esterni. Sono responsabili per il contenuto delle pagine [&hellip;]<\/p>\n","protected":false},"author":1,"featured_media":0,"parent":0,"menu_order":0,"comment_status":"closed","ping_status":"closed","template":"elementor_header_footer","meta":{"footnotes":""},"class_list":["post-215","page","type-page","status-publish","hentry"],"_links":{"self":[{"href":"https:\/\/www.kriegerfriedhof-nasswand.it\/it\/wp-json\/wp\/v2\/pages\/215","targetHints":{"allow":["GET"]}}],"collection":[{"href":"https:\/\/www.kriegerfriedhof-nasswand.it\/it\/wp-json\/wp\/v2\/pages"}],"about":[{"href":"https:\/\/www.kriegerfriedhof-nasswand.it\/it\/wp-json\/wp\/v2\/types\/page"}],"author":[{"embeddable":true,"href":"https:\/\/www.kriegerfriedhof-nasswand.it\/it\/wp-json\/wp\/v2\/users\/1"}],"replies":[{"embeddable":true,"href":"https:\/\/www.kriegerfriedhof-nasswand.it\/it\/wp-json\/wp\/v2\/comments?post=215"}],"version-history":[{"count":3,"href":"https:\/\/www.kriegerfriedhof-nasswand.it\/it\/wp-json\/wp\/v2\/pages\/215\/revisions"}],"predecessor-version":[{"id":335,"href":"https:\/\/www.kriegerfriedhof-nasswand.it\/it\/wp-json\/wp\/v2\/pages\/215\/revisions\/335"}],"wp:attachment":[{"href":"https:\/\/www.kriegerfriedhof-nasswand.it\/it\/wp-json\/wp\/v2\/media?parent=215"}],"curies":[{"name":"wp","href":"https:\/\/api.w.org\/{rel}","templated":true}]}}